{"id":145,"date":"2026-02-20T07:35:28","date_gmt":"2026-02-20T07:35:28","guid":{"rendered":"https:\/\/mathilde-robert-art.fr\/?page_id=145"},"modified":"2026-04-10T10:33:54","modified_gmt":"2026-04-10T10:33:54","slug":"la-fierte","status":"publish","type":"page","link":"https:\/\/mathilde-robert-art.fr\/index.php\/portfolio\/bande-dessine\/la-fierte\/","title":{"rendered":"La fiert\u00e9"},"content":{"rendered":"\n<div class=\"wp-block-columns alignfull has-border-color has-base-border-color has-base-background-color has-background is-layout-flex wp-container-core-columns-is-layout-0073200f wp-block-columns-is-layout-flex\" style=\"border-width:30px;border-top-left-radius:0px;border-top-right-radius:0px;border-bottom-left-radius:0px;border-bottom-right-radius:0px;margin-top:0;margin-bottom:0;padding-top:0;padding-right:var(--wp--preset--spacing--60);padding-bottom:0;padding-left:var(--wp--preset--spacing--60)\">\n<div class=\"wp-block-column has-base-background-color has-background is-layout-flow wp-block-column-is-layout-flow\" style=\"padding-top:0;padding-bottom:0\">\n<figure aria-label=\"Galerie d\u2019images\" aria-roledescription=\"carrousel\" data-wp-context=\"{&quot;showEdges&quot;:false,&quot;currentIndex&quot;:0,&quot;maxIndex&quot;:2}\" data-wp-init=\"callbacks.initCarousel\" data-wp-interactive=\"twentig\/carousel\" role=\"region\" class=\"wp-block-gallery has-nested-images columns-1 is-style-tw-img-rounded has-base-background-color has-background tw-gallery-carousel wp-block-gallery-1 is-layout-flex wp-block-gallery-is-layout-flex\" style=\"border-style:none;border-width:0px;border-top-left-radius:0px;border-top-right-radius:0px;border-bottom-left-radius:0px;border-bottom-right-radius:0px\"><div class=\"tw-gallery-carousel-list\">\n<figure class=\"wp-block-image size-large has-custom-border\" style=\"margin-top:0;margin-right:0;margin-bottom:0;margin-left:0\"><img loading=\"lazy\" decoding=\"async\" width=\"724\" height=\"1024\" data-id=\"147\" src=\"https:\/\/mathilde-robert-art.fr\/wp-content\/uploads\/2026\/02\/bd-crous-copie-1-724x1024.webp\" alt=\"\" class=\"wp-image-147\" style=\"border-style:none;border-width:0px;aspect-ratio:3\/2\" srcset=\"https:\/\/mathilde-robert-art.fr\/wp-content\/uploads\/2026\/02\/bd-crous-copie-1-724x1024.webp 724w, https:\/\/mathilde-robert-art.fr\/wp-content\/uploads\/2026\/02\/bd-crous-copie-1-212x300.webp 212w, https:\/\/mathilde-robert-art.fr\/wp-content\/uploads\/2026\/02\/bd-crous-copie-1-768x1086.webp 768w, https:\/\/mathilde-robert-art.fr\/wp-content\/uploads\/2026\/02\/bd-crous-copie-1-1086x1536.webp 1086w, https:\/\/mathilde-robert-art.fr\/wp-content\/uploads\/2026\/02\/bd-crous-copie-1-1448x2048.webp 1448w, https:\/\/mathilde-robert-art.fr\/wp-content\/uploads\/2026\/02\/bd-crous-copie-1.webp 1800w\" sizes=\"auto, (max-width: 724px) 100vw, 724px\" \/><\/figure>\n\n\n\n<figure class=\"wp-block-image size-large\"><img loading=\"lazy\" decoding=\"async\" width=\"724\" height=\"1024\" data-id=\"148\" src=\"https:\/\/mathilde-robert-art.fr\/wp-content\/uploads\/2026\/02\/bd-crous2-copie-1-724x1024.webp\" alt=\"\" class=\"wp-image-148\" style=\"aspect-ratio:3\/2\" srcset=\"https:\/\/mathilde-robert-art.fr\/wp-content\/uploads\/2026\/02\/bd-crous2-copie-1-724x1024.webp 724w, https:\/\/mathilde-robert-art.fr\/wp-content\/uploads\/2026\/02\/bd-crous2-copie-1-212x300.webp 212w, https:\/\/mathilde-robert-art.fr\/wp-content\/uploads\/2026\/02\/bd-crous2-copie-1-768x1086.webp 768w, https:\/\/mathilde-robert-art.fr\/wp-content\/uploads\/2026\/02\/bd-crous2-copie-1-1086x1536.webp 1086w, https:\/\/mathilde-robert-art.fr\/wp-content\/uploads\/2026\/02\/bd-crous2-copie-1-1448x2048.webp 1448w, https:\/\/mathilde-robert-art.fr\/wp-content\/uploads\/2026\/02\/bd-crous2-copie-1.webp 1800w\" sizes=\"auto, (max-width: 724px) 100vw, 724px\" \/><\/figure>\n\n\n\n<figure class=\"wp-block-image size-large\"><img loading=\"lazy\" decoding=\"async\" width=\"724\" height=\"1024\" data-id=\"146\" src=\"https:\/\/mathilde-robert-art.fr\/wp-content\/uploads\/2026\/02\/bd-crous3-copie-1-724x1024.webp\" alt=\"\" class=\"wp-image-146\" style=\"aspect-ratio:3\/2\" srcset=\"https:\/\/mathilde-robert-art.fr\/wp-content\/uploads\/2026\/02\/bd-crous3-copie-1-724x1024.webp 724w, https:\/\/mathilde-robert-art.fr\/wp-content\/uploads\/2026\/02\/bd-crous3-copie-1-212x300.webp 212w, https:\/\/mathilde-robert-art.fr\/wp-content\/uploads\/2026\/02\/bd-crous3-copie-1-768x1086.webp 768w, https:\/\/mathilde-robert-art.fr\/wp-content\/uploads\/2026\/02\/bd-crous3-copie-1-1086x1536.webp 1086w, https:\/\/mathilde-robert-art.fr\/wp-content\/uploads\/2026\/02\/bd-crous3-copie-1-1448x2048.webp 1448w, https:\/\/mathilde-robert-art.fr\/wp-content\/uploads\/2026\/02\/bd-crous3-copie-1.webp 1800w\" sizes=\"auto, (max-width: 724px) 100vw, 724px\" \/><\/figure>\n<\/div><div class=\"tw-carousel-arrows is-position-overlay\"><button type=\"button\" class=\"tw-carousel-arrow tw-carousel-arrow-left\" aria-label=\"Image pr\u00e9c\u00e9dente\" data-wp-on--click=\"actions.goPrevious\" data-wp-bind--disabled=\"state.isAtStart\"><svg xmlns=\"http:\/\/www.w3.org\/2000\/svg\" viewBox=\"0 0 24 24\" width=\"24\" height=\"24\" aria-hidden=\"true\" focusable=\"false\"><path d=\"m13.6 18-6-6 6-6L15 7.4 10.4 12l4.6 4.6-1.4 1.4Z\"><\/path><\/svg><\/button><button type=\"button\" class=\"tw-carousel-arrow tw-carousel-arrow-right\" aria-label=\"Image suivante\" data-wp-on--click=\"actions.goNext\" data-wp-bind--disabled=\"state.isAtEnd\"><svg xmlns=\"http:\/\/www.w3.org\/2000\/svg\" viewBox=\"0 0 24 24\" width=\"24\" height=\"24\" aria-hidden=\"true\" focusable=\"false\"><path d=\"M13.6 12 9 7.4 10.4 6l6 6-6 6L9 16.6l4.6-4.6Z\"><\/path><\/svg><\/button><\/div><ul class=\"tw-gallery-carousel-nav is-position-below\"><li><button type=\"button\" aria-label=\"Image\u00a0: 1\" data-wp-on--click=\"actions.goToIndex\" data-wp-class--selected=\"state.isMarkerActive\" data-wp-bind--aria-current=\"state.isMarkerActive\" data-wp-context=\"{&quot;index&quot;:0}\"><\/button><\/li><li><button type=\"button\" aria-label=\"Image\u00a0: 2\" data-wp-on--click=\"actions.goToIndex\" data-wp-class--selected=\"state.isMarkerActive\" data-wp-bind--aria-current=\"state.isMarkerActive\" data-wp-context=\"{&quot;index&quot;:1}\"><\/button><\/li><li><button type=\"button\" aria-label=\"Image\u00a0: 3\" data-wp-on--click=\"actions.goToIndex\" data-wp-class--selected=\"state.isMarkerActive\" data-wp-bind--aria-current=\"state.isMarkerActive\" data-wp-context=\"{&quot;index&quot;:2}\"><\/button><\/li><\/ul><\/figure>\n\n\n\n<p class=\"has-text-align-center has-contrast-2-color has-text-color has-link-color wp-elements-ae5cc6ab41bba7a4a3510cca8ef66639\">Une BD r\u00e9alis\u00e9e pour le concours de le BD CROUS 2026. Le th\u00e8me \u00e9tait \u00ab\u00a0la fiert\u00e9\u00a0\u00bb.<\/p>\n<\/div>\n<\/div>\n\n\n\n<hr class=\"wp-block-separator alignwide has-alpha-channel-opacity\"\/>\n\n\n\n<div style=\"height:108px\" aria-hidden=\"true\" class=\"wp-block-spacer\"><\/div>\n\n\n\n<p><\/p>\n","protected":false},"excerpt":{"rendered":"<p>Une BD r\u00e9alis\u00e9e pour le concours de le BD CROUS 2026. Le th\u00e8me \u00e9tait \u00ab\u00a0la fiert\u00e9\u00a0\u00bb.<\/p>\n","protected":false},"author":1,"featured_media":0,"parent":76,"menu_order":0,"comment_status":"closed","ping_status":"closed","template":"","meta":{"footnotes":""},"class_list":["post-145","page","type-page","status-publish","hentry"],"_links":{"self":[{"href":"https:\/\/mathilde-robert-art.fr\/index.php\/wp-json\/wp\/v2\/pages\/145","targetHints":{"allow":["GET"]}}],"collection":[{"href":"https:\/\/mathilde-robert-art.fr\/index.php\/wp-json\/wp\/v2\/pages"}],"about":[{"href":"https:\/\/mathilde-robert-art.fr\/index.php\/wp-json\/wp\/v2\/types\/page"}],"author":[{"embeddable":true,"href":"https:\/\/mathilde-robert-art.fr\/index.php\/wp-json\/wp\/v2\/users\/1"}],"replies":[{"embeddable":true,"href":"https:\/\/mathilde-robert-art.fr\/index.php\/wp-json\/wp\/v2\/comments?post=145"}],"version-history":[{"count":8,"href":"https:\/\/mathilde-robert-art.fr\/index.php\/wp-json\/wp\/v2\/pages\/145\/revisions"}],"predecessor-version":[{"id":334,"href":"https:\/\/mathilde-robert-art.fr\/index.php\/wp-json\/wp\/v2\/pages\/145\/revisions\/334"}],"up":[{"embeddable":true,"href":"https:\/\/mathilde-robert-art.fr\/index.php\/wp-json\/wp\/v2\/pages\/76"}],"wp:attachment":[{"href":"https:\/\/mathilde-robert-art.fr\/index.php\/wp-json\/wp\/v2\/media?parent=145"}],"curies":[{"name":"wp","href":"https:\/\/api.w.org\/{rel}","templated":true}]}}