{"id":268,"date":"2026-04-10T08:39:09","date_gmt":"2026-04-10T08:39:09","guid":{"rendered":"https:\/\/mathilde-robert-art.fr\/?page_id=268"},"modified":"2026-04-10T08:41:28","modified_gmt":"2026-04-10T08:41:28","slug":"a-propos","status":"publish","type":"page","link":"https:\/\/mathilde-robert-art.fr\/index.php\/a-propos\/","title":{"rendered":"\u00e0 propos"},"content":{"rendered":"\n<div class=\"wp-block-columns alignwide are-vertically-aligned-center is-layout-flex wp-container-core-columns-is-layout-d0b3c9c8 wp-block-columns-is-layout-flex\">\n<div class=\"wp-block-column is-vertically-aligned-center is-layout-flow wp-block-column-is-layout-flow\" style=\"--col-width:33.33%;flex-basis:33.33%\">\n<figure class=\"wp-block-image aligncenter size-full is-style-rounded is-style-rounded--1\"><img loading=\"lazy\" decoding=\"async\" width=\"1125\" height=\"2000\" src=\"https:\/\/mathilde-robert-art.fr\/wp-content\/uploads\/2026\/04\/Auto_portrait-edited-1.png\" alt=\"\" class=\"wp-image-273\" srcset=\"https:\/\/mathilde-robert-art.fr\/wp-content\/uploads\/2026\/04\/Auto_portrait-edited-1.png 1125w, https:\/\/mathilde-robert-art.fr\/wp-content\/uploads\/2026\/04\/Auto_portrait-edited-1-169x300.png 169w, https:\/\/mathilde-robert-art.fr\/wp-content\/uploads\/2026\/04\/Auto_portrait-edited-1-576x1024.png 576w, https:\/\/mathilde-robert-art.fr\/wp-content\/uploads\/2026\/04\/Auto_portrait-edited-1-768x1365.png 768w, https:\/\/mathilde-robert-art.fr\/wp-content\/uploads\/2026\/04\/Auto_portrait-edited-1-864x1536.png 864w\" sizes=\"auto, (max-width: 1125px) 100vw, 1125px\" \/><\/figure>\n<\/div>\n\n\n\n<div class=\"wp-block-column is-vertically-aligned-center is-layout-flow wp-block-column-is-layout-flow\" style=\"--col-width:66.67%;flex-basis:66.67%\">\n<div class=\"wp-block-group has-global-padding is-content-justification-left is-layout-constrained wp-container-core-group-is-layout-9b3bbee3 wp-block-group-is-layout-constrained\">\n<div style=\"height:69px\" aria-hidden=\"true\" class=\"wp-block-spacer\"><\/div>\n\n\n\n<p class=\"has-large-font-size\">A propos, <\/p>\n\n\n\n<h1 class=\"wp-block-heading has-text-align-left has-x-large-font-size\">Mathilde Robert<\/h1>\n\n\n\n<div style=\"height:47px\" aria-hidden=\"true\" class=\"wp-block-spacer\"><\/div>\n\n\n\n<p class=\"has-text-align-left\">Jeune illustratrice qui vit dans un monde plein de magie, de dragons et couleurs. Beaucoup de couleurs. J&rsquo;ai fait des \u00e9tudes d&rsquo;illustration \u00e0 l&rsquo;ESMA Montpellier, puis j&rsquo;ai voyag\u00e9, observ\u00e9, v\u00e9cu et me voil\u00e0 de retour la t\u00eate pleine d&rsquo;id\u00e9es !<\/p>\n<\/div>\n<\/div>\n<\/div>\n\n\n\n<div class=\"wp-block-group alignfull has-base-2-background-color has-background has-global-padding is-layout-constrained wp-container-core-group-is-layout-1e78e420 wp-block-group-is-layout-constrained\" style=\"margin-top:0;margin-bottom:0;padding-top:var(--wp--preset--spacing--40);padding-right:var(--wp--preset--spacing--60);padding-bottom:var(--wp--preset--spacing--40);padding-left:var(--wp--preset--spacing--60)\">\n<div class=\"wp-block-group is-vertical is-content-justification-center is-layout-flex wp-container-core-group-is-layout-52b864f0 wp-block-group-is-layout-flex\">\n<h2 class=\"wp-block-heading has-text-align-center is-style-asterisk\">Une passion pour Les univers magique<\/h2>\n\n\n\n<div style=\"height:0px\" aria-hidden=\"true\" class=\"wp-block-spacer wp-container-content-4f2ccadb\"><\/div>\n\n\n\n<p class=\"has-text-align-center\">Le m\u00e9di\u00e9val, le po\u00e9tique, l&rsquo;\u00e9sot\u00e9risme, ect.<br> Tant de chose qui me parlent et me font vibrer. <\/p>\n<\/div>\n\n\n\n<div style=\"margin-top:0;margin-bottom:0;height:52px\" aria-hidden=\"true\" class=\"wp-block-spacer\"><\/div>\n\n\n\n<div class=\"wp-block-columns alignwide is-layout-flex wp-container-core-columns-is-layout-daba214b wp-block-columns-is-layout-flex\">\n<div class=\"wp-block-column is-layout-flow wp-container-core-column-is-layout-e3d1c41b wp-block-column-is-layout-flow\">\n<h3 class=\"wp-block-heading has-text-align-center is-style-asterisk has-body-font-family has-medium-font-size\" style=\"font-style:normal;font-weight:600\">Illustration<\/h3>\n\n\n\n<p class=\"has-text-align-left\">Illustrer un livre pour enfant ? Un manuel scolaire ? Un magazine ? Un livre ? Je suis la personne qu&rsquo;il vous faut. J&rsquo;ai une grande passion pour l&rsquo;objet livre et un un envie forte de vous proposer des images qui donnerons vit \u00e0 vos projets.<\/p>\n<\/div>\n\n\n\n<div class=\"wp-block-column is-layout-flow wp-container-core-column-is-layout-e3d1c41b wp-block-column-is-layout-flow\">\n<h3 class=\"wp-block-heading has-text-align-center is-style-asterisk has-body-font-family has-medium-font-size\" style=\"font-style:normal;font-weight:600\">concept art<\/h3>\n\n\n\n<p class=\"has-text-align-left\">La cr\u00e9ation d&rsquo;univers, de personnages, de d\u00e9cors&#8230; Attendez vous \u00e0 des designs forts en couleurs qui marqueront les esprits.<\/p>\n<\/div>\n<\/div>\n\n\n\n<div style=\"height:var(--wp--preset--spacing--20)\" aria-hidden=\"true\" class=\"wp-block-spacer\"><\/div>\n\n\n\n<div class=\"wp-block-columns alignwide is-layout-flex wp-container-core-columns-is-layout-daba214b wp-block-columns-is-layout-flex\">\n<div class=\"wp-block-column is-layout-flow wp-container-core-column-is-layout-e3d1c41b wp-block-column-is-layout-flow\">\n<h3 class=\"wp-block-heading has-text-align-center is-style-asterisk has-body-font-family has-medium-font-size\" style=\"font-style:normal;font-weight:600\">Bande dessin\u00e9e<\/h3>\n\n\n\n<p class=\"has-text-align-left\">J&rsquo;ai un carnet avec pleins d&rsquo;id\u00e9e pour en cr\u00e9er et je suis \u00e9galement disponible pour donner vie \u00e0 vos projets. En num\u00e9rique ou en traditionel.<\/p>\n<\/div>\n\n\n\n<div class=\"wp-block-column is-layout-flow wp-container-core-column-is-layout-e3d1c41b wp-block-column-is-layout-flow\">\n<h3 class=\"wp-block-heading has-text-align-center is-style-asterisk has-body-font-family has-medium-font-size\" style=\"font-style:normal;font-weight:600\">Graphisme<\/h3>\n\n\n\n<p class=\"has-text-align-left\">La mise en page : mon petit bonheur dans la vie. Une corde \u00e0 mon arc qui me fait plaisir de pouvoir utilis\u00e9 surtout dans le merveilleux domaine de l&rsquo;\u00e9dition.<\/p>\n<\/div>\n<\/div>\n<\/div>\n\n\n\n<div style=\"height:212px\" aria-hidden=\"true\" class=\"wp-block-spacer\"><\/div>\n","protected":false},"excerpt":{"rendered":"<p>A propos, Mathilde Robert Jeune illustratrice qui vit dans un monde plein de magie, de dragons et couleurs. Beaucoup de couleurs. J&rsquo;ai fait des \u00e9tudes d&rsquo;illustration \u00e0 l&rsquo;ESMA Montpellier, puis j&rsquo;ai voyag\u00e9, observ\u00e9, v\u00e9cu et me voil\u00e0 de retour la t\u00eate pleine d&rsquo;id\u00e9es ! Une passion pour Les univers magique Le m\u00e9di\u00e9val, le po\u00e9tique, l&rsquo;\u00e9sot\u00e9risme, [&hellip;]<\/p>\n","protected":false},"author":1,"featured_media":0,"parent":0,"menu_order":0,"comment_status":"closed","ping_status":"closed","template":"","meta":{"footnotes":""},"class_list":["post-268","page","type-page","status-publish","hentry"],"_links":{"self":[{"href":"https:\/\/mathilde-robert-art.fr\/index.php\/wp-json\/wp\/v2\/pages\/268","targetHints":{"allow":["GET"]}}],"collection":[{"href":"https:\/\/mathilde-robert-art.fr\/index.php\/wp-json\/wp\/v2\/pages"}],"about":[{"href":"https:\/\/mathilde-robert-art.fr\/index.php\/wp-json\/wp\/v2\/types\/page"}],"author":[{"embeddable":true,"href":"https:\/\/mathilde-robert-art.fr\/index.php\/wp-json\/wp\/v2\/users\/1"}],"replies":[{"embeddable":true,"href":"https:\/\/mathilde-robert-art.fr\/index.php\/wp-json\/wp\/v2\/comments?post=268"}],"version-history":[{"count":3,"href":"https:\/\/mathilde-robert-art.fr\/index.php\/wp-json\/wp\/v2\/pages\/268\/revisions"}],"predecessor-version":[{"id":278,"href":"https:\/\/mathilde-robert-art.fr\/index.php\/wp-json\/wp\/v2\/pages\/268\/revisions\/278"}],"wp:attachment":[{"href":"https:\/\/mathilde-robert-art.fr\/index.php\/wp-json\/wp\/v2\/media?parent=268"}],"curies":[{"name":"wp","href":"https:\/\/api.w.org\/{rel}","templated":true}]}}