{"id":62,"date":"2026-02-13T07:16:34","date_gmt":"2026-02-13T07:16:34","guid":{"rendered":"https:\/\/mathilde-robert-art.fr\/?page_id=62"},"modified":"2026-04-10T09:51:36","modified_gmt":"2026-04-10T09:51:36","slug":"illustration-jeunesse","status":"publish","type":"page","link":"https:\/\/mathilde-robert-art.fr\/index.php\/portfolio\/illustration-jeunesse\/","title":{"rendered":"Peinture"},"content":{"rendered":"\n<div class=\"wp-block-group is-nowrap is-layout-flex wp-container-core-group-is-layout-6c531013 wp-block-group-is-layout-flex\">\n<figure class=\"wp-block-image size-large is-style-rounded is-style-rounded--1\"><img loading=\"lazy\" decoding=\"async\" width=\"576\" height=\"1024\" src=\"https:\/\/mathilde-robert-art.fr\/wp-content\/uploads\/2026\/04\/peinture-576x1024.jpg\" alt=\"\" class=\"wp-image-262\" srcset=\"https:\/\/mathilde-robert-art.fr\/wp-content\/uploads\/2026\/04\/peinture-576x1024.jpg 576w, https:\/\/mathilde-robert-art.fr\/wp-content\/uploads\/2026\/04\/peinture-169x300.jpg 169w, https:\/\/mathilde-robert-art.fr\/wp-content\/uploads\/2026\/04\/peinture-768x1365.jpg 768w, https:\/\/mathilde-robert-art.fr\/wp-content\/uploads\/2026\/04\/peinture-864x1536.jpg 864w, https:\/\/mathilde-robert-art.fr\/wp-content\/uploads\/2026\/04\/peinture-1152x2048.jpg 1152w, https:\/\/mathilde-robert-art.fr\/wp-content\/uploads\/2026\/04\/peinture-scaled.jpg 1440w\" sizes=\"auto, (max-width: 576px) 100vw, 576px\" \/><\/figure>\n\n\n\n<p>La carte du soleil repr\u00e9sente la lumi\u00e8re, la joie et la confiance en soi. Cette carte repr\u00e9sente bien mes illustration traditionnelles selon moi car elles irradient de lumi\u00e8re, de bienveillance.<\/p>\n<\/div>\n\n\n\n<div style=\"height:116px\" aria-hidden=\"true\" class=\"wp-block-spacer\"><\/div>\n\n\n\n<div class=\"wp-block-columns alignfull has-border-color has-background is-layout-flex wp-container-core-columns-is-layout-d0b3c9c8 wp-block-columns-is-layout-flex\" style=\"border-color:#ffffff;border-width:16px;background-color:#ffffff\">\n<div class=\"wp-block-column is-layout-flow wp-block-column-is-layout-flow\" style=\"--col-width:33.33%;flex-basis:33.33%\">\n<figure class=\"wp-block-image size-large is-resized is-style-rounded is-style-rounded--2\"><img loading=\"lazy\" decoding=\"async\" width=\"724\" height=\"1024\" src=\"http:\/\/mathilde-robert-art.fr\/wp-content\/uploads\/2026\/02\/Halloween-724x1024.jpg\" alt=\"\" class=\"wp-image-46\" style=\"aspect-ratio:0.7070325468512095;width:392px;height:auto\" srcset=\"https:\/\/mathilde-robert-art.fr\/wp-content\/uploads\/2026\/02\/Halloween-724x1024.jpg 724w, https:\/\/mathilde-robert-art.fr\/wp-content\/uploads\/2026\/02\/Halloween-212x300.jpg 212w, https:\/\/mathilde-robert-art.fr\/wp-content\/uploads\/2026\/02\/Halloween-768x1086.jpg 768w, https:\/\/mathilde-robert-art.fr\/wp-content\/uploads\/2026\/02\/Halloween-1086x1536.jpg 1086w, https:\/\/mathilde-robert-art.fr\/wp-content\/uploads\/2026\/02\/Halloween.jpg 1273w\" sizes=\"auto, (max-width: 724px) 100vw, 724px\" \/><figcaption class=\"wp-element-caption\">Halloween, acrylique en A3, 2025.<\/figcaption><\/figure>\n<\/div>\n\n\n\n<div class=\"wp-block-column is-layout-flow wp-block-column-is-layout-flow\" style=\"--col-width:33.33%;flex-basis:33.33%\">\n<figure class=\"wp-block-image size-large is-resized is-style-rounded is-style-rounded--3\"><img loading=\"lazy\" decoding=\"async\" width=\"682\" height=\"1024\" src=\"http:\/\/mathilde-robert-art.fr\/wp-content\/uploads\/2026\/02\/Narcisse-682x1024.jpg\" alt=\"\" class=\"wp-image-49\" style=\"aspect-ratio:0.6660248475679641;width:368px;height:auto\" srcset=\"https:\/\/mathilde-robert-art.fr\/wp-content\/uploads\/2026\/02\/Narcisse-682x1024.jpg 682w, https:\/\/mathilde-robert-art.fr\/wp-content\/uploads\/2026\/02\/Narcisse-200x300.jpg 200w, https:\/\/mathilde-robert-art.fr\/wp-content\/uploads\/2026\/02\/Narcisse-768x1154.jpg 768w, https:\/\/mathilde-robert-art.fr\/wp-content\/uploads\/2026\/02\/Narcisse-1022x1536.jpg 1022w, https:\/\/mathilde-robert-art.fr\/wp-content\/uploads\/2026\/02\/Narcisse.jpg 1198w\" sizes=\"auto, (max-width: 682px) 100vw, 682px\" \/><figcaption class=\"wp-element-caption\">Narcisse, gouache en A4, 2025.<\/figcaption><\/figure>\n<\/div>\n<\/div>\n\n\n\n<div style=\"height:116px\" aria-hidden=\"true\" class=\"wp-block-spacer\"><\/div>\n\n\n\n<div class=\"wp-block-columns alignfull has-border-color has-base-border-color has-base-background-color has-background is-layout-flex wp-container-core-columns-is-layout-d0b3c9c8 wp-block-columns-is-layout-flex\" style=\"border-width:21px\">\n<div class=\"wp-block-column is-layout-flow wp-block-column-is-layout-flow\" style=\"--col-width:66.66%;flex-basis:66.66%\">\n<figure class=\"wp-block-image size-large is-style-rounded is-style-rounded--4\"><img loading=\"lazy\" decoding=\"async\" width=\"724\" height=\"1024\" src=\"http:\/\/mathilde-robert-art.fr\/wp-content\/uploads\/2026\/02\/Chloe--724x1024.jpg\" alt=\"\" class=\"wp-image-31\" style=\"aspect-ratio:0.7070484581497798\" srcset=\"https:\/\/mathilde-robert-art.fr\/wp-content\/uploads\/2026\/02\/Chloe--724x1024.jpg 724w, https:\/\/mathilde-robert-art.fr\/wp-content\/uploads\/2026\/02\/Chloe--212x300.jpg 212w, https:\/\/mathilde-robert-art.fr\/wp-content\/uploads\/2026\/02\/Chloe--768x1086.jpg 768w, https:\/\/mathilde-robert-art.fr\/wp-content\/uploads\/2026\/02\/Chloe--1086x1536.jpg 1086w, https:\/\/mathilde-robert-art.fr\/wp-content\/uploads\/2026\/02\/Chloe-.jpg 1273w\" sizes=\"auto, (max-width: 724px) 100vw, 724px\" \/><figcaption class=\"wp-element-caption\">Fiches didactique de 4 des personnages de <em>l&rsquo;\u00e9cume des jours<\/em> de Boris Vian, gouache en A4, 2025.<\/figcaption><\/figure>\n<\/div>\n\n\n\n<div class=\"wp-block-column is-layout-flow wp-block-column-is-layout-flow\" style=\"--col-width:66.66%;flex-basis:66.66%\">\n<figure class=\"wp-block-image size-large is-style-rounded is-style-rounded--5\"><img loading=\"lazy\" decoding=\"async\" width=\"724\" height=\"1024\" src=\"http:\/\/mathilde-robert-art.fr\/wp-content\/uploads\/2026\/02\/Colin-724x1024.jpg\" alt=\"\" class=\"wp-image-32\" srcset=\"https:\/\/mathilde-robert-art.fr\/wp-content\/uploads\/2026\/02\/Colin-724x1024.jpg 724w, https:\/\/mathilde-robert-art.fr\/wp-content\/uploads\/2026\/02\/Colin-212x300.jpg 212w, https:\/\/mathilde-robert-art.fr\/wp-content\/uploads\/2026\/02\/Colin-768x1086.jpg 768w, https:\/\/mathilde-robert-art.fr\/wp-content\/uploads\/2026\/02\/Colin-1086x1536.jpg 1086w, https:\/\/mathilde-robert-art.fr\/wp-content\/uploads\/2026\/02\/Colin.jpg 1273w\" sizes=\"auto, (max-width: 724px) 100vw, 724px\" \/><\/figure>\n<\/div>\n\n\n\n<div class=\"wp-block-column is-layout-flow wp-block-column-is-layout-flow\" style=\"--col-width:66.66%;flex-basis:66.66%\">\n<figure class=\"wp-block-image size-large is-style-rounded is-style-rounded--6\"><img loading=\"lazy\" decoding=\"async\" width=\"724\" height=\"1024\" src=\"https:\/\/mathilde-robert-art.fr\/wp-content\/uploads\/2026\/04\/chick-724x1024.jpg\" alt=\"\" class=\"wp-image-300\" srcset=\"https:\/\/mathilde-robert-art.fr\/wp-content\/uploads\/2026\/04\/chick-724x1024.jpg 724w, https:\/\/mathilde-robert-art.fr\/wp-content\/uploads\/2026\/04\/chick-212x300.jpg 212w, https:\/\/mathilde-robert-art.fr\/wp-content\/uploads\/2026\/04\/chick-768x1086.jpg 768w, https:\/\/mathilde-robert-art.fr\/wp-content\/uploads\/2026\/04\/chick-1086x1536.jpg 1086w, https:\/\/mathilde-robert-art.fr\/wp-content\/uploads\/2026\/04\/chick-1448x2048.jpg 1448w, https:\/\/mathilde-robert-art.fr\/wp-content\/uploads\/2026\/04\/chick-scaled.jpg 1810w\" sizes=\"auto, (max-width: 724px) 100vw, 724px\" \/><\/figure>\n<\/div>\n\n\n\n<div class=\"wp-block-column is-layout-flow wp-block-column-is-layout-flow\" style=\"--col-width:66.66%;flex-basis:66.66%\">\n<figure class=\"wp-block-image size-large is-style-rounded is-style-rounded--7\"><img loading=\"lazy\" decoding=\"async\" width=\"724\" height=\"1024\" src=\"https:\/\/mathilde-robert-art.fr\/wp-content\/uploads\/2026\/04\/la_souris-724x1024.jpg\" alt=\"\" class=\"wp-image-301\" srcset=\"https:\/\/mathilde-robert-art.fr\/wp-content\/uploads\/2026\/04\/la_souris-724x1024.jpg 724w, https:\/\/mathilde-robert-art.fr\/wp-content\/uploads\/2026\/04\/la_souris-212x300.jpg 212w, https:\/\/mathilde-robert-art.fr\/wp-content\/uploads\/2026\/04\/la_souris-768x1086.jpg 768w, https:\/\/mathilde-robert-art.fr\/wp-content\/uploads\/2026\/04\/la_souris-1086x1536.jpg 1086w, https:\/\/mathilde-robert-art.fr\/wp-content\/uploads\/2026\/04\/la_souris.jpg 1414w\" sizes=\"auto, (max-width: 724px) 100vw, 724px\" \/><\/figure>\n<\/div>\n<\/div>\n\n\n\n<p><\/p>\n","protected":false},"excerpt":{"rendered":"<p>La carte du soleil repr\u00e9sente la lumi\u00e8re, la joie et la confiance en soi. Cette carte repr\u00e9sente bien mes illustration traditionnelles selon moi car elles irradient de lumi\u00e8re, de bienveillance.<\/p>\n","protected":false},"author":1,"featured_media":0,"parent":7,"menu_order":0,"comment_status":"closed","ping_status":"closed","template":"","meta":{"footnotes":""},"class_list":["post-62","page","type-page","status-publish","hentry"],"_links":{"self":[{"href":"https:\/\/mathilde-robert-art.fr\/index.php\/wp-json\/wp\/v2\/pages\/62","targetHints":{"allow":["GET"]}}],"collection":[{"href":"https:\/\/mathilde-robert-art.fr\/index.php\/wp-json\/wp\/v2\/pages"}],"about":[{"href":"https:\/\/mathilde-robert-art.fr\/index.php\/wp-json\/wp\/v2\/types\/page"}],"author":[{"embeddable":true,"href":"https:\/\/mathilde-robert-art.fr\/index.php\/wp-json\/wp\/v2\/users\/1"}],"replies":[{"embeddable":true,"href":"https:\/\/mathilde-robert-art.fr\/index.php\/wp-json\/wp\/v2\/comments?post=62"}],"version-history":[{"count":16,"href":"https:\/\/mathilde-robert-art.fr\/index.php\/wp-json\/wp\/v2\/pages\/62\/revisions"}],"predecessor-version":[{"id":310,"href":"https:\/\/mathilde-robert-art.fr\/index.php\/wp-json\/wp\/v2\/pages\/62\/revisions\/310"}],"up":[{"embeddable":true,"href":"https:\/\/mathilde-robert-art.fr\/index.php\/wp-json\/wp\/v2\/pages\/7"}],"wp:attachment":[{"href":"https:\/\/mathilde-robert-art.fr\/index.php\/wp-json\/wp\/v2\/media?parent=62"}],"curies":[{"name":"wp","href":"https:\/\/api.w.org\/{rel}","templated":true}]}}